{"id":10550,"date":"2026-01-21T19:42:38","date_gmt":"2026-01-21T19:42:38","guid":{"rendered":"https:\/\/upstreamtrophies.com\/?page_id=10550"},"modified":"2026-02-02T08:16:40","modified_gmt":"2026-02-02T08:16:40","slug":"trophy-return-program","status":"publish","type":"page","link":"https:\/\/upstreamtrophies.com\/nl\/trophy-return-program\/","title":{"rendered":"Trofee teruggave programma"},"content":{"rendered":"\n<figure class=\"wp-block-image aligncenter size-large is-resized\" style=\"margin-top:var(--wp--preset--spacing--50);margin-right:0;margin-bottom:var(--wp--preset--spacing--50);margin-left:0\"><img decoding=\"async\" width=\"1024\" height=\"1024\" src=\"https:\/\/upstreamtrophies.com\/wp-content\/uploads\/2026\/02\/Upstream-TrophyReturnProgram-Infographic-Rev02-1024x1024.jpg\" alt=\"\" class=\"wp-image-10574\" style=\"width:600px\" title=\"\" srcset=\"https:\/\/upstreamtrophies.com\/wp-content\/uploads\/2026\/02\/Upstream-TrophyReturnProgram-Infographic-Rev02-1024x1024.jpg 1024w, https:\/\/upstreamtrophies.com\/wp-content\/uploads\/2026\/02\/Upstream-TrophyReturnProgram-Infographic-Rev02-800x800.jpg 800w, https:\/\/upstreamtrophies.com\/wp-content\/uploads\/2026\/02\/Upstream-TrophyReturnProgram-Infographic-Rev02-150x150.jpg 150w, https:\/\/upstreamtrophies.com\/wp-content\/uploads\/2026\/02\/Upstream-TrophyReturnProgram-Infographic-Rev02-768x768.jpg 768w, https:\/\/upstreamtrophies.com\/wp-content\/uploads\/2026\/02\/Upstream-TrophyReturnProgram-Infographic-Rev02-12x12.jpg 12w, https:\/\/upstreamtrophies.com\/wp-content\/uploads\/2026\/02\/Upstream-TrophyReturnProgram-Infographic-Rev02-300x300.jpg 300w, https:\/\/upstreamtrophies.com\/wp-content\/uploads\/2026\/02\/Upstream-TrophyReturnProgram-Infographic-Rev02-100x100.jpg 100w, https:\/\/upstreamtrophies.com\/wp-content\/uploads\/2026\/02\/Upstream-TrophyReturnProgram-Infographic-Rev02.jpg 1200w\" sizes=\"(max-width: 1024px) 100vw, 1024px\" \/><\/figure>\n\n\n\n<div class=\"wp-block-group has-custom-lightgray-background-color has-background has-global-padding is-layout-constrained wp-block-group-is-layout-constrained\" style=\"padding-top:50px;padding-bottom:75px\"><h1 style=\"padding-bottom:25px;\" class=\"has-text-align-center wp-block-post-title has-xx-large-font-size\">Trophy Return Program<\/h1>\n\n\n<div class=\"wp-block-group has-global-padding is-layout-constrained wp-container-core-group-is-layout-2159880a wp-block-group-is-layout-constrained\" style=\"margin-bottom:var(--wp--preset--spacing--60)\">\n<h2 class=\"wp-block-heading has-text-align-center\">Our trophy return program is just one of the steps we\u2019re taking towards becoming a fully circular business.<\/h2>\n\n\n\n<p class=\"has-text-align-center\">By sending us your old trophies (ours or otherwise), you&#8217;re helping us close the loop and fulfil our mission: turning waste into glory. &nbsp;<\/p>\n\n\n\n<ul class=\"wp-block-list\">\n<li>Fill in the form <\/li>\n\n\n\n<li>We analyse your information and photos and determine if we can recycle the trophies<\/li>\n\n\n\n<li>If so, we send you instructions for returning them<\/li>\n\n\n\n<li>You get 10% discount on your next order<\/li>\n<\/ul>\n<\/div>\n\n\n\n<div class=\"wp-block-group km-items-start is-content-justification-center is-nowrap is-layout-flex wp-container-core-group-is-layout-0fadc68c wp-block-group-is-layout-flex\">\n<div class=\"wp-block-group has-base-background-color has-background has-global-padding is-layout-constrained wp-container-core-group-is-layout-232cfcb6 wp-block-group-is-layout-constrained\" style=\"border-top-left-radius:15px;border-top-right-radius:15px;border-bottom-left-radius:15px;border-bottom-right-radius:15px;padding-top:var(--wp--preset--spacing--60);padding-right:var(--wp--preset--spacing--60);padding-bottom:var(--wp--preset--spacing--60);padding-left:var(--wp--preset--spacing--60)\"><script>\nvar gform;gform||(document.addEventListener(\"gform_main_scripts_loaded\",function(){gform.scriptsLoaded=!0}),document.addEventListener(\"gform\/theme\/scripts_loaded\",function(){gform.themeScriptsLoaded=!0}),window.addEventListener(\"DOMContentLoaded\",function(){gform.domLoaded=!0}),gform={domLoaded:!1,scriptsLoaded:!1,themeScriptsLoaded:!1,isFormEditor:()=>\"function\"==typeof InitializeEditor,callIfLoaded:function(o){return!(!gform.domLoaded||!gform.scriptsLoaded||!gform.themeScriptsLoaded&&!gform.isFormEditor()||(gform.isFormEditor()&&console.warn(\"The use of gform.initializeOnLoaded() is deprecated in the form editor context and will be removed in Gravity Forms 3.1.\"),o(),0))},initializeOnLoaded:function(o){gform.callIfLoaded(o)||(document.addEventListener(\"gform_main_scripts_loaded\",()=>{gform.scriptsLoaded=!0,gform.callIfLoaded(o)}),document.addEventListener(\"gform\/theme\/scripts_loaded\",()=>{gform.themeScriptsLoaded=!0,gform.callIfLoaded(o)}),window.addEventListener(\"DOMContentLoaded\",()=>{gform.domLoaded=!0,gform.callIfLoaded(o)}))},hooks:{action:{},filter:{}},addAction:function(o,r,e,t){gform.addHook(\"action\",o,r,e,t)},addFilter:function(o,r,e,t){gform.addHook(\"filter\",o,r,e,t)},doAction:function(o){gform.doHook(\"action\",o,arguments)},applyFilters:function(o){return gform.doHook(\"filter\",o,arguments)},removeAction:function(o,r){gform.removeHook(\"action\",o,r)},removeFilter:function(o,r,e){gform.removeHook(\"filter\",o,r,e)},addHook:function(o,r,e,t,n){null==gform.hooks[o][r]&&(gform.hooks[o][r]=[]);var d=gform.hooks[o][r];null==n&&(n=r+\"_\"+d.length),gform.hooks[o][r].push({tag:n,callable:e,priority:t=null==t?10:t})},doHook:function(r,o,e){var t;if(e=Array.prototype.slice.call(e,1),null!=gform.hooks[r][o]&&((o=gform.hooks[r][o]).sort(function(o,r){return o.priority-r.priority}),o.forEach(function(o){\"function\"!=typeof(t=o.callable)&&(t=window[t]),\"action\"==r?t.apply(null,e):e[0]=t.apply(null,e)})),\"filter\"==r)return e[0]},removeHook:function(o,r,t,n){var e;null!=gform.hooks[o][r]&&(e=(e=gform.hooks[o][r]).filter(function(o,r,e){return!!(null!=n&&n!=o.tag||null!=t&&t!=o.priority)}),gform.hooks[o][r]=e)}});\n<\/script>\n\n                <div class='gf_browser_gecko gform_wrapper gravity-theme gform-theme--no-framework' data-form-theme='gravity-theme' data-form-index='0' id='gform_wrapper_7' >\n                        <div class='gform_heading'>\n                            <p class='gform_description'><\/p>\n                        <\/div><form method='post' enctype='multipart\/form-data'  id='gform_7'  action='\/nl\/wp-json\/wp\/v2\/pages\/10550' data-formid='7' novalidate>\n                        <div class='gform-body gform_body'><div id='gform_fields_7' class='gform_fields top_label form_sublabel_below description_below validation_below'><div id=\"field_7_19\" class=\"gfield gfield--type-honeypot gform_validation_container field_sublabel_below gfield--has-description field_description_below field_validation_below gfield_visibility_visible\"  ><label class='gfield_label gform-field-label' for='input_7_19'>Comments<\/label><div class='ginput_container'><input name='input_19' id='input_7_19' type='text' value='' autocomplete='new-password'\/><\/div><div class='gfield_description' id='gfield_description_7_19'>Dit veld is bedoeld voor validatiedoeleinden en moet niet worden gewijzigd.<\/div><\/div><div id=\"field_7_5\" class=\"gfield gfield--type-text gfield--input-type-text gfield--width-full gfield_contains_required field_sublabel_below gfield--no-description field_description_below field_validation_below gfield_visibility_visible\"  ><label class='gfield_label gform-field-label' for='input_7_5'>First name<span class=\"gfield_required\"><span class=\"gfield_required gfield_required_text\">(Vereist)<\/span><\/span><\/label><div class='ginput_container ginput_container_text'><input name='input_5' id='input_7_5' type='text' value='' class='large'     aria-required=\"true\" aria-invalid=\"false\"   \/><\/div><\/div><div id=\"field_7_15\" class=\"gfield gfield--type-text gfield--input-type-text gfield--width-full gfield_contains_required field_sublabel_below gfield--no-description field_description_below field_validation_below gfield_visibility_visible\"  ><label class='gfield_label gform-field-label' for='input_7_15'>Last name<span class=\"gfield_required\"><span class=\"gfield_required gfield_required_text\">(Vereist)<\/span><\/span><\/label><div class='ginput_container ginput_container_text'><input name='input_15' id='input_7_15' type='text' value='' class='large'     aria-required=\"true\" aria-invalid=\"false\"   \/><\/div><\/div><div id=\"field_7_18\" class=\"gfield gfield--type-text gfield--input-type-text gfield--width-full field_sublabel_below gfield--no-description field_description_below field_validation_below gfield_visibility_visible\"  ><label class='gfield_label gform-field-label' for='input_7_18'>Country<\/label><div class='ginput_container ginput_container_text'><input name='input_18' id='input_7_18' type='text' value='' class='large'      aria-invalid=\"false\"   \/><\/div><\/div><div id=\"field_7_6\" class=\"gfield gfield--type-email gfield--input-type-email gfield--width-full gfield_contains_required field_sublabel_below gfield--no-description field_description_below field_validation_below gfield_visibility_visible\"  ><label class='gfield_label gform-field-label' for='input_7_6'>Email<span class=\"gfield_required\"><span class=\"gfield_required gfield_required_text\">(Vereist)<\/span><\/span><\/label><div class='ginput_container ginput_container_email'>\n                            <input name='input_6' id='input_7_6' type='email' value='' class='large'    aria-required=\"true\" aria-invalid=\"false\"  \/>\n                        <\/div><\/div><div id=\"field_7_11\" class=\"gfield gfield--type-text gfield--input-type-text gfield--width-full gfield_contains_required field_sublabel_below gfield--no-description field_description_below field_validation_below gfield_visibility_visible\"  ><label class='gfield_label gform-field-label' for='input_7_11'>Phone<span class=\"gfield_required\"><span class=\"gfield_required gfield_required_text\">(Vereist)<\/span><\/span><\/label><div class='ginput_container ginput_container_text'><input name='input_11' id='input_7_11' type='text' value='' class='large'     aria-required=\"true\" aria-invalid=\"false\"   \/><\/div><\/div><div id=\"field_7_10\" class=\"gfield gfield--type-textarea gfield--input-type-textarea gfield--width-full gfield_contains_required field_sublabel_below gfield--has-description field_description_below field_validation_below gfield_visibility_visible\"  ><label class='gfield_label gform-field-label' for='input_7_10'>Description of trophies<span class=\"gfield_required\"><span class=\"gfield_required gfield_required_text\">(Vereist)<\/span><\/span><\/label><div class='ginput_container ginput_container_textarea'><textarea name='input_10' id='input_7_10' class='textarea medium'  aria-describedby=\"gfield_description_7_10\"   aria-required=\"true\" aria-invalid=\"false\"   rows='10' cols='50'><\/textarea><\/div><div class='gfield_description' id='gfield_description_7_10'>Please mention the amount, the kind of materials (in you know) and please share some photo&#8217;s. <\/div><\/div><div id=\"field_7_12\" class=\"gfield gfield--type-fileupload gfield--input-type-fileupload gfield--width-full field_sublabel_below gfield--no-description field_description_below field_validation_below gfield_visibility_visible\"  ><label class='gfield_label gform-field-label' for='gform_browse_button_7_12'>Share file(s)<\/label><div class='ginput_container ginput_container_fileupload'><div id='gform_multifile_upload_7_12' data-settings='{&quot;runtimes&quot;:&quot;html5,flash,html4&quot;,&quot;browse_button&quot;:&quot;gform_browse_button_7_12&quot;,&quot;container&quot;:&quot;gform_multifile_upload_7_12&quot;,&quot;drop_element&quot;:&quot;gform_drag_drop_area_7_12&quot;,&quot;filelist&quot;:&quot;gform_preview_7_12&quot;,&quot;unique_names&quot;:true,&quot;file_data_name&quot;:&quot;file&quot;,&quot;url&quot;:&quot;https:\\\/\\\/upstreamtrophies.com\\\/?gf_page=a82dbe2546e2023&quot;,&quot;flash_swf_url&quot;:&quot;https:\\\/\\\/upstreamtrophies.com\\\/wp-includes\\\/js\\\/plupload\\\/plupload.flash.swf&quot;,&quot;silverlight_xap_url&quot;:&quot;https:\\\/\\\/upstreamtrophies.com\\\/wp-includes\\\/js\\\/plupload\\\/plupload.silverlight.xap&quot;,&quot;filters&quot;:{&quot;mime_types&quot;:[{&quot;title&quot;:&quot;Toegestane bestanden&quot;,&quot;extensions&quot;:&quot;pdf,jpg,png,gif,eps,ai,svf&quot;}],&quot;max_file_size&quot;:&quot;104857600b&quot;},&quot;multipart&quot;:true,&quot;urlstream_upload&quot;:false,&quot;multipart_params&quot;:{&quot;form_id&quot;:7,&quot;field_id&quot;:12,&quot;_gform_file_upload_nonce_7_12&quot;:&quot;42eacf5b03&quot;},&quot;gf_vars&quot;:{&quot;max_files&quot;:&quot;5&quot;,&quot;message_id&quot;:&quot;gform_multifile_messages_7_12&quot;,&quot;disallowed_extensions&quot;:[&quot;php&quot;,&quot;asp&quot;,&quot;aspx&quot;,&quot;cmd&quot;,&quot;csh&quot;,&quot;bat&quot;,&quot;html&quot;,&quot;htm&quot;,&quot;hta&quot;,&quot;jar&quot;,&quot;exe&quot;,&quot;com&quot;,&quot;js&quot;,&quot;lnk&quot;,&quot;htaccess&quot;,&quot;phar&quot;,&quot;phtml&quot;,&quot;ps1&quot;,&quot;ps2&quot;,&quot;php3&quot;,&quot;php4&quot;,&quot;php5&quot;,&quot;php6&quot;,&quot;py&quot;,&quot;rb&quot;,&quot;tmp&quot;]}}' class='gform_fileupload_multifile'>\n\t\t\t\t\t\t\t\t\t\t<div id='gform_drag_drop_area_7_12' class='gform_drop_area gform-theme-field-control'>\n\t\t\t\t\t\t\t\t\t\t\t<span class='gform_drop_instructions'>Sleep bestanden hierheen of <\/span>\n\t\t\t\t\t\t\t\t\t\t\t<button type='button' id='gform_browse_button_7_12' class='button gform_button_select_files gform-theme-button gform-theme-button--control' aria-describedby=\"gfield_upload_rules_7_12\"  >Selecteer bestanden<\/button>\n\t\t\t\t\t\t\t\t\t\t<\/div>\n\t\t\t\t\t\t\t\t\t<\/div><span class='gfield_description gform_fileupload_rules' id='gfield_upload_rules_7_12'>Toegestane bestandstypen: pdf, jpg, png, gif, eps, ai, svf, Max. bestandsgrootte: 100 MB, Max. aantal bestanden: 5.<\/span><ul class='validation_message--hidden-on-empty gform-ul-reset' id='gform_multifile_messages_7_12'><\/ul> <div id='gform_preview_7_12' class='ginput_preview_list'><\/div><\/div><\/div><fieldset id=\"field_7_13\" class=\"gfield gfield--type-consent gfield--type-choice gfield--input-type-consent gfield--width-full gfield_contains_required field_sublabel_below gfield--no-description field_description_below field_validation_below gfield_visibility_visible\"  ><legend class='gfield_label gform-field-label gfield_label_before_complex' >Consent<span class=\"gfield_required\"><span class=\"gfield_required gfield_required_text\">(Vereist)<\/span><\/span><\/legend><div class='ginput_container ginput_container_consent'><input name='input_13.1' id='input_7_13_1' type='checkbox' value='1'   aria-required=\"true\" aria-invalid=\"false\"   \/> <label class=\"gform-field-label gform-field-label--type-inline gfield_consent_label\" for='input_7_13_1' >We make sure we process your personal data in compliance with GDPR legislation. By ticking this box you&#8217;re accepting and agreeing to our <\/span><a href=\"https:\/\/upstreamtrophies.com\/privacy-policy\/\">privacy policy<\/a><span><\/label><input type='hidden' name='input_13.2' value='We make sure we process your personal data in compliance with GDPR legislation. By ticking this box you&#039;re accepting and agreeing to our &lt;\/span&gt;&lt;a href=&quot;https:\/\/upstreamtrophies.com\/privacy-policy\/&quot;&gt;privacy policy&lt;\/a&gt;&lt;span&gt;' class='gform_hidden' \/><input type='hidden' name='input_13.3' value='3' class='gform_hidden' \/><\/div><\/fieldset><div id=\"field_7_16\" class=\"gfield gfield--type-captcha gfield--input-type-captcha gfield--width-full field_sublabel_below gfield--no-description field_description_below field_validation_below gfield_visibility_visible\"  ><label class='gfield_label gform-field-label screen-reader-text' for='input_7_16'><\/label><div id='input_7_16' class='ginput_container ginput_recaptcha' data-sitekey='6LdCgYIqAAAAAKiFhL1WG7yhS5tJj4iMytGWfuG6'  data-theme='light' data-tabindex='0'  data-badge=''><\/div><\/div><\/div><\/div>\n        <div class='gform-footer gform_footer top_label'> <input type='submit' id='gform_submit_button_7' class='gform_button button' onclick='gform.submission.handleButtonClick(this);' data-submission-type='submit' value='Submit'  \/> <input type='hidden' class='gform_hidden' name='gform_submission_speeds' value='{&quot;pages&quot;:[]}' \/>\n            <input type='hidden' class='gform_hidden' name='gform_submission_method' data-js='gform_submission_method_7' value='postback' \/>\n            <input type='hidden' class='gform_hidden' name='gform_theme' data-js='gform_theme_7' id='gform_theme_7' value='gravity-theme' \/>\n            <input type='hidden' class='gform_hidden' name='gform_style_settings' data-js='gform_style_settings_7' id='gform_style_settings_7' value='{&quot;theme&quot;:&quot;gravity-theme&quot;,&quot;inputPrimaryColor&quot;:&quot;#204ce5&quot;}' \/>\n            <input type='hidden' class='gform_hidden' name='is_submit_7' value='1' \/>\n            <input type='hidden' class='gform_hidden' name='gform_submit' value='7' \/>\n            \n            <input type='hidden' class='gform_hidden' name='gform_currency' data-currency='EUR' value='thnsisXxWTmwRAY06eh1pA6T4yKwsxKwOQMhA5luIJfFj6+DFIPjSrteHGbyJ4u1GVTt1iU1w5FRlvefTwoKysehMT\/Xxr5kF2dyTPy358avbl0=' \/>\n            <input type='hidden' class='gform_hidden' name='gform_unique_id' value='' \/>\n            <input type='hidden' class='gform_hidden' name='state_7' value='WyJ7XCIxMy4xXCI6XCI3YzhhN2I1MTg3MjJhMDkwYzQ2MGM0OTRhM2Q3NGZlY1wiLFwiMTMuMlwiOlwiNDAyNjE1OGZkNjA5YzY3YjBmY2RhZTM4MzRiMGJmNGRcIixcIjEzLjNcIjpcImRiNmRlNTU5OWZkZjk3ZjYwN2Q3NzQzYTc1M2NjZWM1XCJ9IiwiZjZmY2NkYTZjNzgzOGY1NDYxMTk3MmRiYzg2MDNmYzIiXQ==' \/>\n            <input type='hidden' autocomplete='off' class='gform_hidden' name='gform_target_page_number_7' id='gform_target_page_number_7' value='0' \/>\n            <input type='hidden' autocomplete='off' class='gform_hidden' name='gform_source_page_number_7' id='gform_source_page_number_7' value='1' \/>\n            <input type='hidden' name='gform_field_values' value='' \/>\n            <input type='hidden' name='gform_uploaded_files' id='gform_uploaded_files_7' value='' \/>\n        <\/div>\n                        <\/form>\n                        <\/div><script>\ngform.initializeOnLoaded( function() {gformInitSpinner( 7, 'https:\/\/upstreamtrophies.com\/wp-content\/plugins\/gravityforms\/images\/spinner.svg', true );jQuery('#gform_ajax_frame_7').on('load',function(){var contents = jQuery(this).contents().find('*').html();var is_postback = contents.indexOf('GF_AJAX_POSTBACK') >= 0;if(!is_postback){return;}var form_content = jQuery(this).contents().find('#gform_wrapper_7');var is_confirmation = jQuery(this).contents().find('#gform_confirmation_wrapper_7').length > 0;var is_redirect = contents.indexOf('gformRedirect(){') >= 0;var is_form = form_content.length > 0 && ! is_redirect && ! is_confirmation;var mt = parseInt(jQuery('html').css('margin-top'), 10) + parseInt(jQuery('body').css('margin-top'), 10) + 100;if(is_form){jQuery('#gform_wrapper_7').html(form_content.html());if(form_content.hasClass('gform_validation_error')){jQuery('#gform_wrapper_7').addClass('gform_validation_error');} else {jQuery('#gform_wrapper_7').removeClass('gform_validation_error');}setTimeout( function() { \/* delay the scroll by 50 milliseconds to fix a bug in chrome *\/  }, 50 );if(window['gformInitDatepicker']) {gformInitDatepicker();}if(window['gformInitPriceFields']) {gformInitPriceFields();}var current_page = jQuery('#gform_source_page_number_7').val();gformInitSpinner( 7, 'https:\/\/upstreamtrophies.com\/wp-content\/plugins\/gravityforms\/images\/spinner.svg', true );jQuery(document).trigger('gform_page_loaded', [7, current_page]);window['gf_submitting_7'] = false;}else if(!is_redirect){var confirmation_content = jQuery(this).contents().find('.GF_AJAX_POSTBACK').html();if(!confirmation_content){confirmation_content = contents;}jQuery('#gform_wrapper_7').replaceWith(confirmation_content);jQuery(document).trigger('gform_confirmation_loaded', [7]);window['gf_submitting_7'] = false;wp.a11y.speak(jQuery('#gform_confirmation_message_7').text());}else{jQuery('#gform_7').append(contents);if(window['gformRedirect']) {gformRedirect();}}jQuery(document).trigger(\"gform_pre_post_render\", [{ formId: \"7\", currentPage: \"current_page\", abort: function() { this.preventDefault(); } }]);        if (event && event.defaultPrevented) {                return;        }        const gformWrapperDiv = document.getElementById( \"gform_wrapper_7\" );        if ( gformWrapperDiv ) {            const visibilitySpan = document.createElement( \"span\" );            visibilitySpan.id = \"gform_visibility_test_7\";            gformWrapperDiv.insertAdjacentElement( \"afterend\", visibilitySpan );        }        const visibilityTestDiv = document.getElementById( \"gform_visibility_test_7\" );        let postRenderFired = false;        function triggerPostRender() {            if ( postRenderFired ) {                return;            }            postRenderFired = true;            gform.core.triggerPostRenderEvents( 7, current_page );            if ( visibilityTestDiv ) {                visibilityTestDiv.parentNode.removeChild( visibilityTestDiv );            }        }        function debounce( func, wait, immediate ) {            var timeout;            return function() {                var context = this, args = arguments;                var later = function() {                    timeout = null;                    if ( !immediate ) func.apply( context, args );                };                var callNow = immediate && !timeout;                clearTimeout( timeout );                timeout = setTimeout( later, wait );                if ( callNow ) func.apply( context, args );            };        }        const debouncedTriggerPostRender = debounce( function() {            triggerPostRender();        }, 200 );        if ( visibilityTestDiv && visibilityTestDiv.offsetParent === null ) {            const observer = new MutationObserver( ( mutations ) => {                mutations.forEach( ( mutation ) => {                    if ( mutation.type === 'attributes' && visibilityTestDiv.offsetParent !== null ) {                        debouncedTriggerPostRender();                        observer.disconnect();                    }                });            });            observer.observe( document.body, {                attributes: true,                childList: false,                subtree: true,                attributeFilter: [ 'style', 'class' ],            });        } else {            triggerPostRender();        }    } );} );\n<\/script>\n<\/div>\n<\/div>\n<\/div>\n","protected":false},"excerpt":{"rendered":"<p>Ons retourprogramma voor trofee\u00ebn is slechts \u00e9\u00e9n van de stappen die we nemen om een volledig circulaire onderneming te worden. Door ons uw oude trofee\u00ebn (van ons of van anderen) op te sturen, helpt u ons de cirkel te sluiten en onze missie te vervullen: afval omzetten in glorie. &nbsp;<\/p>","protected":false},"author":2,"featured_media":0,"parent":0,"menu_order":0,"comment_status":"closed","ping_status":"closed","template":"custom-pages","meta":{"_acf_changed":false,"footnotes":""},"class_list":["post-10550","page","type-page","status-publish","hentry"],"acf":[],"_links":{"self":[{"href":"https:\/\/upstreamtrophies.com\/nl\/wp-json\/wp\/v2\/pages\/10550","targetHints":{"allow":["GET"]}}],"collection":[{"href":"https:\/\/upstreamtrophies.com\/nl\/wp-json\/wp\/v2\/pages"}],"about":[{"href":"https:\/\/upstreamtrophies.com\/nl\/wp-json\/wp\/v2\/types\/page"}],"author":[{"embeddable":true,"href":"https:\/\/upstreamtrophies.com\/nl\/wp-json\/wp\/v2\/users\/2"}],"replies":[{"embeddable":true,"href":"https:\/\/upstreamtrophies.com\/nl\/wp-json\/wp\/v2\/comments?post=10550"}],"version-history":[{"count":12,"href":"https:\/\/upstreamtrophies.com\/nl\/wp-json\/wp\/v2\/pages\/10550\/revisions"}],"predecessor-version":[{"id":10580,"href":"https:\/\/upstreamtrophies.com\/nl\/wp-json\/wp\/v2\/pages\/10550\/revisions\/10580"}],"wp:attachment":[{"href":"https:\/\/upstreamtrophies.com\/nl\/wp-json\/wp\/v2\/media?parent=10550"}],"curies":[{"name":"wp","href":"https:\/\/api.w.org\/{rel}","templated":true}]}}